{"id":37,"date":"2016-09-02T12:33:19","date_gmt":"2016-09-02T12:33:19","guid":{"rendered":"http:\/\/ozaybilisim.net\/?page_id=37"},"modified":"2016-09-02T12:33:19","modified_gmt":"2016-09-02T12:33:19","slug":"hakkimizda","status":"publish","type":"page","link":"http:\/\/ozaybilisim.net\/?page_id=37","title":{"rendered":"Hakk\u0131m\u0131zda"},"content":{"rendered":"<p>Bu sayfa yap\u0131m a\u015famas\u0131nda..<\/p>\n","protected":false},"excerpt":{"rendered":"<p>Bu sayfa yap\u0131m a\u015famas\u0131nda..<\/p>\n","protected":false},"author":1,"featured_media":0,"parent":0,"menu_order":0,"comment_status":"closed","ping_status":"closed","template":"","meta":{"footnotes":""},"class_list":["post-37","page","type-page","status-publish","hentry"],"_links":{"self":[{"href":"http:\/\/ozaybilisim.net\/index.php?rest_route=\/wp\/v2\/pages\/37","targetHints":{"allow":["GET"]}}],"collection":[{"href":"http:\/\/ozaybilisim.net\/index.php?rest_route=\/wp\/v2\/pages"}],"about":[{"href":"http:\/\/ozaybilisim.net\/index.php?rest_route=\/wp\/v2\/types\/page"}],"author":[{"embeddable":true,"href":"http:\/\/ozaybilisim.net\/index.php?rest_route=\/wp\/v2\/users\/1"}],"replies":[{"embeddable":true,"href":"http:\/\/ozaybilisim.net\/index.php?rest_route=%2Fwp%2Fv2%2Fcomments&post=37"}],"version-history":[{"count":1,"href":"http:\/\/ozaybilisim.net\/index.php?rest_route=\/wp\/v2\/pages\/37\/revisions"}],"predecessor-version":[{"id":38,"href":"http:\/\/ozaybilisim.net\/index.php?rest_route=\/wp\/v2\/pages\/37\/revisions\/38"}],"wp:attachment":[{"href":"http:\/\/ozaybilisim.net\/index.php?rest_route=%2Fwp%2Fv2%2Fmedia&parent=37"}],"curies":[{"name":"wp","href":"https:\/\/api.w.org\/{rel}","templated":true}]}}