{"id":80,"date":"2018-02-03T11:58:17","date_gmt":"2018-02-03T11:58:17","guid":{"rendered":"http:\/\/ozaybilisim.net\/?page_id=80"},"modified":"2018-02-03T11:58:17","modified_gmt":"2018-02-03T11:58:17","slug":"e-imza","status":"publish","type":"page","link":"http:\/\/ozaybilisim.net\/?page_id=80","title":{"rendered":"e-\u0130mza"},"content":{"rendered":"<p><strong>ELEKTRON\u0130K \u0130MZA (E-\u0130MZA)\u00a0<\/strong><br \/>\n<img loading=\"lazy\" decoding=\"async\" class=\"size-full wp-image-83 alignright\" src=\"http:\/\/ozaybilisim.net\/wp-content\/uploads\/2018\/02\/kep-nedir.jpg\" alt=\"kep-nedir\" width=\"497\" height=\"594\" srcset=\"http:\/\/ozaybilisim.net\/wp-content\/uploads\/2018\/02\/kep-nedir.jpg 497w, http:\/\/ozaybilisim.net\/wp-content\/uploads\/2018\/02\/kep-nedir-251x300.jpg 251w\" sizes=\"auto, (max-width: 497px) 100vw, 497px\" \/><\/p>\n<p><strong>5070 Say\u0131l\u0131 Elektronik \u0130mza Kanunu&#8217;na g\u00f6re E-imza;<\/strong><br \/>\n&#8220;Ba\u015fka bir elektronik veriye eklenen veya ba\u015fka bir elektronik veriyle mant\u0131ksal ba\u011flant\u0131s\u0131 bulunan<br \/>\nve kimlik do\u011frulama amac\u0131yla kullan\u0131lan elektronik veriyi ifade eder.&#8221;<\/p>\n<ul>\n<li>E-imza, \u0131slak imza ile ayn\u0131 hukuki ge\u00e7erlili\u011fe sahiptir<\/li>\n<li>E-imza, elektronik i\u015flemlerde g\u00f6nderilen bilginin yolda de\u011fi\u015fmedi\u011fini, g\u00f6nderen ki\u015fiye ait oldu\u011funu ve inkar edilemeyece\u011fini garantiler.<\/li>\n<li>E-imza elektronik ortamda ger\u00e7ekle\u015fen i\u015flemlerde ki\u015filerin kimlik bilgilerinin do\u011frulu\u011funu garantiler.<\/li>\n<li>E-imza ger\u00e7ek ki\u015filer ad\u0131na olu\u015fturulur. Kurum ad\u0131na e-imza olu\u015fturulamaz.<br \/>\nE-imzan\u0131n Getirdikleri;<br \/>\nKimlik Do\u011frulama<\/li>\n<li>B\u00fct\u00fcnl\u00fck<\/li>\n<li>\u0130nkar Edilmezlik<\/li>\n<\/ul>\n<p><strong>Elektronik \u0130mza Kullan\u0131m Alanlar\u0131<\/strong><br \/>\nElektronik imza kullan\u0131m alan\u0131 a\u00e7\u0131s\u0131ndan olduk\u00e7a geni\u015f bir yelpazeye sahiptir. 5070 Say\u0131l\u0131 Elektronik \u0130mza Kanunu&#8217;nda belirtilen istisna s\u00fcre\u00e7ler haricinde \u0131slak imza ile yap\u0131lan her i\u015flem i\u00e7in kullan\u0131labilir.<\/p>\n<p>Kanun, 5. maddesinde, g\u00fcvenli elektronik imzan\u0131n elle at\u0131lan imza ile ayn\u0131 hukuki sonucu do\u011furaca\u011f\u0131n\u0131 d\u00fczenlemi\u015ftir. Ancak, maddenin devam\u0131nda bu kural\u0131n istisnas\u0131 olarak, kanunlar\u0131n resmi \u015fekle veya \u00f6zel bir merasime t\u00e2bi tuttu\u011fu hukuki i\u015flemler ile teminat s\u00f6zle\u015fmelerinin g\u00fcvenli elektronik imza ile ger\u00e7ekle\u015ftirilemeyece\u011fi h\u00fckme ba\u011flanm\u0131\u015ft\u0131r.<\/p>\n<ul>\n<li>E-devlet uygulamalar\u0131nda ve uzant\u0131lar\u0131nda (turkiye.gov.tr)<\/li>\n<li>UYAP ve benzeri kamu projelerinde\u2022 Sanayi Bakanl\u0131\u011f\u0131 ve Kosgeb projelerinde<\/li>\n<li>EKAP (Elektronik Kamu Al\u0131mlar\u0131 Platformu) s\u00fcre\u00e7lerinde<\/li>\n<li>E-Fatura uygulamalar\u0131nda<\/li>\n<li>MERS\u0130S Projesi kapsam\u0131nda<\/li>\n<li>G\u00fcmr\u00fck ve D\u0131\u015f Ticaret i\u015flemlerinde<\/li>\n<li>Kay\u0131tl\u0131 Elektronik Posta (KEP) Sisteminde<\/li>\n<li>\u00c7al\u0131\u015fan hizmet s\u00f6zle\u015fmelerinde ve di\u011fer t\u00fcm s\u00f6zle\u015fmelerde<\/li>\n<li>Banka talimatlar\u0131n\u0131n g\u00f6nderilmesinde<\/li>\n<li>Genel Kurul,Ortaklar Kurulu ve Y\u00f6netim Kurulu kararlar\u0131n\u0131n imzalanmas\u0131nda<\/li>\n<li>Bayi a\u011f\u0131, B2B ileti\u015fiminde ve sipari\u015f s\u00fcrecinde<\/li>\n<li>Elektronik ar\u015fivin e-imzalanmas\u0131nda<\/li>\n<li>Islak imza gerektiren EBYS dahil t\u00fcm uygulamalarda<\/li>\n<li>\u00dcretilen ve imzalanmas\u0131 gereken her t\u00fcrl\u00fc evrakta<\/li>\n<li>\u00d6zel uygulamalar ile kullan\u0131m alanlar\u0131 geni\u015fletilebilir.<\/li>\n<\/ul>\n","protected":false},"excerpt":{"rendered":"<p>ELEKTRON\u0130K \u0130MZA (E-\u0130MZA)\u00a0 5070 Say\u0131l\u0131 Elektronik \u0130mza Kanunu&#8217;na g\u00f6re E-imza; &#8220;Ba\u015fka bir elektronik veriye eklenen veya ba\u015fka bir elektronik veriyle mant\u0131ksal ba\u011flant\u0131s\u0131 bulunan ve kimlik do\u011frulama amac\u0131yla kullan\u0131lan elektronik veriyi ifade eder.&#8221; E-imza, \u0131slak imza ile ayn\u0131 hukuki ge\u00e7erlili\u011fe sahiptir E-imza, elektronik i\u015flemlerde g\u00f6nderilen bilginin yolda de\u011fi\u015fmedi\u011fini, g\u00f6nderen ki\u015fiye ait oldu\u011funu ve inkar edilemeyece\u011fini garantiler.<a href=\"http:\/\/ozaybilisim.net\/?page_id=80\">[&#8230;]<\/a><\/p>\n","protected":false},"author":2,"featured_media":0,"parent":0,"menu_order":0,"comment_status":"closed","ping_status":"closed","template":"","meta":{"footnotes":""},"class_list":["post-80","page","type-page","status-publish","hentry"],"_links":{"self":[{"href":"http:\/\/ozaybilisim.net\/index.php?rest_route=\/wp\/v2\/pages\/80","targetHints":{"allow":["GET"]}}],"collection":[{"href":"http:\/\/ozaybilisim.net\/index.php?rest_route=\/wp\/v2\/pages"}],"about":[{"href":"http:\/\/ozaybilisim.net\/index.php?rest_route=\/wp\/v2\/types\/page"}],"author":[{"embeddable":true,"href":"http:\/\/ozaybilisim.net\/index.php?rest_route=\/wp\/v2\/users\/2"}],"replies":[{"embeddable":true,"href":"http:\/\/ozaybilisim.net\/index.php?rest_route=%2Fwp%2Fv2%2Fcomments&post=80"}],"version-history":[{"count":6,"href":"http:\/\/ozaybilisim.net\/index.php?rest_route=\/wp\/v2\/pages\/80\/revisions"}],"predecessor-version":[{"id":88,"href":"http:\/\/ozaybilisim.net\/index.php?rest_route=\/wp\/v2\/pages\/80\/revisions\/88"}],"wp:attachment":[{"href":"http:\/\/ozaybilisim.net\/index.php?rest_route=%2Fwp%2Fv2%2Fmedia&parent=80"}],"curies":[{"name":"wp","href":"https:\/\/api.w.org\/{rel}","templated":true}]}}