{"id":90,"date":"2018-02-03T12:01:57","date_gmt":"2018-02-03T12:01:57","guid":{"rendered":"http:\/\/ozaybilisim.net\/?page_id=90"},"modified":"2018-02-03T12:02:56","modified_gmt":"2018-02-03T12:02:56","slug":"kep-kayitli-elektronik-posta","status":"publish","type":"page","link":"http:\/\/ozaybilisim.net\/?page_id=90","title":{"rendered":"KEP"},"content":{"rendered":"<h3 class=\"tbk__title \">KEP Nedir?<\/h3>\n<div class=\"tbk__text\">\n<img loading=\"lazy\" decoding=\"async\" class=\"size-full wp-image-92 alignright\" src=\"http:\/\/ozaybilisim.net\/wp-content\/uploads\/2018\/02\/kep-1.jpg\" alt=\"kep (1)\" width=\"497\" height=\"594\" srcset=\"http:\/\/ozaybilisim.net\/wp-content\/uploads\/2018\/02\/kep-1.jpg 497w, http:\/\/ozaybilisim.net\/wp-content\/uploads\/2018\/02\/kep-1-251x300.jpg 251w\" sizes=\"auto, (max-width: 497px) 100vw, 497px\" \/><br \/>\nKEP, elektronik posta yoluyla, yasal olarak ge\u00e7erli ve teknik olarak g\u00fcvenli bir \u015fekilde belge ve bilgi<br \/>\npayla\u015f\u0131m\u0131 ger\u00e7ekle\u015ftirilebilen ve bu i\u015flemlerle ilgili kesin delil sa\u011flayan tek ara\u00e7t\u0131r.<\/p>\n<p>Kay\u0131tl\u0131 elektronik posta (KEP), iletilen e-postalar\u0131n i\u00e7eri\u011finin ve zaman\u0131n de\u011fi\u015ftirilemedi\u011fi, g\u00f6nderici ve al\u0131c\u0131 kimliklerinin belli oldu\u011fu, e-posta\u2019n\u0131n kar\u015f\u0131 tarafa iletilip iletilmedi\u011fini teyit eden, hukuki ge\u00e7erlili\u011fi olan g\u00fcvenli bir elektronik posta hizmetidir.<\/p>\n<p>Kay\u0131tl\u0131 elektronik posta (KEP), Y\u00f6netmelikte \u201celektronik iletilerin, g\u00f6nderimi ve teslimat\u0131 da d\u00e2hil olmak \u00fczere kullan\u0131m\u0131na ili\u015fkin olarak hukuk\u00ee delil sa\u011flayan, elektronik postan\u0131n nitelikli \u015fekli\u201d olarak tan\u0131mlanmaktad\u0131r. KEP iletisi de \u201cKEP sistemi i\u00e7erisinde KEPHS taraf\u0131ndan \u00fcretilen KEP delilini i\u00e7eren ve KEPHS\u2019 nin i\u015flem sertifikas\u0131 ve zaman damgas\u0131 ile imzalanm\u0131\u015f ileti\u201d olarak ifade edilmektedir.<\/p>\n<p>KEP sistemi, elektronik ileti\u015fim platformlar\u0131 arac\u0131l\u0131\u011f\u0131yla ger\u00e7ekle\u015fen, g\u00f6nderildi ve al\u0131nd\u0131 onaylar\u0131 da d\u00e2hil olmak \u00fczere KEP iletilerinin t\u00fcm s\u00fcre\u00e7lerine ili\u015fkin olarak KEP delili olu\u015fturulmas\u0131, g\u00fcvenli bir \u015fekilde kimlik tespiti yap\u0131lmas\u0131, KEP hesab\u0131, KEP rehberi ve ar\u015fiv hizmetleri verilmesi gibi i\u015flevlere sahip olan sistemdir. KEP sisteminde, standart e-posta adresleri kullan\u0131lmamakta, yetkili KEPHS taraf\u0131ndan, hesap sahibinin resmi belgelere dayan\u0131larak kimlik bilgileri al\u0131narak tahsis edilen\/sa\u011flanan kay\u0131tl\u0131 e-posta adresleri kullan\u0131lmaktad\u0131r.<\/p>\n<p>KEP adresi sahibi ger\u00e7ek veya t\u00fczel kullan\u0131c\u0131lar\u0131n (g\u00f6nderici veya al\u0131c\u0131), ger\u00e7ekten o ki\u015fi olduklar\u0131n\u0131n adres tahsisi\/sa\u011flanmas\u0131 a\u015famas\u0131nda tespit edilmesi, hesap sahibinin KEP adresiyle ilgili y\u00fck\u00fcml\u00fcl\u00fcklerinin ve sorumluluklar\u0131n\u0131n fark\u0131nda olmas\u0131 ve bunlar\u0131 bir s\u00f6zle\u015fme ve taahh\u00fctnameyi bizzat imzalayarak beyan etmesi b\u00fcy\u00fck \u00f6nem arz etmektedir.<\/p>\n<p><strong>Veri B\u00fct\u00fcnl\u00fc\u011f\u00fc<\/strong><\/p>\n<p>Bir e-postan\u0131n ekleriyle birlikte, e-imza ve zaman damgas\u0131 kullan\u0131larak, iletildi\u011fini ve i\u00e7eri\u011finin ba\u015fkalar\u0131 taraf\u0131ndan de\u011fi\u015ftirilmedi\u011fini,<\/p>\n<p><strong>Kimlik Do\u011frulama<\/strong><\/p>\n<p>G\u00f6nderen ve Alan taraflar\u0131n kimli\u011finin tespitini ve ge\u00e7erlili\u011fini,<\/p>\n<p><strong>\u0130nkar Edilemezlik<\/strong><\/p>\n<p>G\u00f6nderildi\u011finin veya al\u0131nd\u0131\u011f\u0131n\u0131n, g\u00f6nderim ve al\u0131nma zaman\u0131n\u0131n kesin tespitini,<\/p>\n<p><strong>Delil Sa\u011flama<\/strong><\/p>\n<p>\u0130letilere ili\u015fkin g\u00f6nderici, al\u0131c\u0131, iletim zaman\u0131 gibi bilgileri saklamay\u0131 ve taraflara ula\u015ft\u0131rmay\u0131 \u201cgaranti\u201d alt\u0131na almaktad\u0131r.<\/p>\n<p><strong>KEP Sisteminin Sa\u011flad\u0131klar\u0131;<\/strong><\/p>\n<p>KEP ki\u015filer ve kurumlar aras\u0131nda resmi ve hukuken ge\u00e7erlili\u011fi olan klasik kanallar \u00fczerinden ger\u00e7ekle\u015ftirilen ileti\u015fimi elektronik ortama ta\u015f\u0131yarak;<\/p>\n<ul>\n<li>G\u00f6nderi, depolama ve di\u011fer lojistik giderlerinde azalma,<\/li>\n<li>Kullan\u0131m kolayl\u0131\u011f\u0131,<\/li>\n<li>H\u0131zl\u0131 ve lokasyon ba\u011f\u0131ms\u0131z ileti\u015fim imkan\u0131,<\/li>\n<li>\u0130\u015f s\u00fcre\u00e7lerinde verimlilik art\u0131\u015f\u0131,<\/li>\n<li>Takip kolayl\u0131\u011f\u0131,<\/li>\n<li>\u00c7evrenin korunmas\u0131na katk\u0131 sa\u011flamaktad\u0131r.<\/li>\n<\/ul>\n<p><strong>KEP KULLANIM ALANLARI<\/strong><\/p>\n<ul>\n<li>Resmi, \u00f6zel ve ticari her t\u00fcrl\u00fc belge ve yaz\u0131\u2022 Kamu Kurumlar\u0131 aras\u0131nda ve kurum i\u00e7i yaz\u0131\u015fmalar<\/li>\n<li>Kurumlar, \u015firketler ve \u015fah\u0131slar aras\u0131nda yaz\u0131\u015fmalar<\/li>\n<li>Beyanname<\/li>\n<li>Tebligat \/ Bildirim \/ Ba\u015fvuru<\/li>\n<li>\u0130htar \/ \u0130hbar \/ Teyit \/ Dilek\u00e7e<\/li>\n<li>\u0130\u015ftirak Taahh\u00fctnamesi\u2022 Abonelik \/ \u00dcyelik<\/li>\n<li>Elektronik Fatura<\/li>\n<li>Duyuru \/ Dilek\u00e7e \/ \u00d6deme Emri<\/li>\n<li>Banka Hesap Ekstreleri \/ K. Kart\u0131 Ekstreleri<\/li>\n<li>Sipari\u015f \/ Sipari\u015f Onay<\/li>\n<li>S\u00f6zle\u015fme \/ Teklif \/ Kira Kontrat\u0131<\/li>\n<li>Sigorta \u0130\u015flemleri<\/li>\n<li>Fatura \/ Mutabakat \/ dekont \/ Makbuz<\/li>\n<li>Kredi Ba\u015fvurular\u0131<\/li>\n<li>Bordro \/ \u0130zin formlar\u0131<\/li>\n<li>\u0130hale Teklifleri\/K\u0130K-EKAP \u0130\u015flemleri<\/li>\n<li>M\u00fc\u015fteri Bilgilendirme \/ Mutabakat \/ \u0130tiraz<\/li>\n<li>Telif Hakk\u0131 \/ \u00c7a\u011fr\u0131<\/li>\n<\/ul>\n<\/div>\n","protected":false},"excerpt":{"rendered":"<p>KEP Nedir? KEP, elektronik posta yoluyla, yasal olarak ge\u00e7erli ve teknik olarak g\u00fcvenli bir \u015fekilde belge ve bilgi payla\u015f\u0131m\u0131 ger\u00e7ekle\u015ftirilebilen ve bu i\u015flemlerle ilgili kesin delil sa\u011flayan tek ara\u00e7t\u0131r. Kay\u0131tl\u0131 elektronik posta (KEP), iletilen e-postalar\u0131n i\u00e7eri\u011finin ve zaman\u0131n de\u011fi\u015ftirilemedi\u011fi, g\u00f6nderici ve al\u0131c\u0131 kimliklerinin belli oldu\u011fu, e-posta\u2019n\u0131n kar\u015f\u0131 tarafa iletilip iletilmedi\u011fini teyit eden, hukuki ge\u00e7erlili\u011fi olan<a href=\"http:\/\/ozaybilisim.net\/?page_id=90\">[&#8230;]<\/a><\/p>\n","protected":false},"author":2,"featured_media":0,"parent":0,"menu_order":0,"comment_status":"closed","ping_status":"closed","template":"","meta":{"footnotes":""},"class_list":["post-90","page","type-page","status-publish","hentry"],"_links":{"self":[{"href":"http:\/\/ozaybilisim.net\/index.php?rest_route=\/wp\/v2\/pages\/90","targetHints":{"allow":["GET"]}}],"collection":[{"href":"http:\/\/ozaybilisim.net\/index.php?rest_route=\/wp\/v2\/pages"}],"about":[{"href":"http:\/\/ozaybilisim.net\/index.php?rest_route=\/wp\/v2\/types\/page"}],"author":[{"embeddable":true,"href":"http:\/\/ozaybilisim.net\/index.php?rest_route=\/wp\/v2\/users\/2"}],"replies":[{"embeddable":true,"href":"http:\/\/ozaybilisim.net\/index.php?rest_route=%2Fwp%2Fv2%2Fcomments&post=90"}],"version-history":[{"count":4,"href":"http:\/\/ozaybilisim.net\/index.php?rest_route=\/wp\/v2\/pages\/90\/revisions"}],"predecessor-version":[{"id":96,"href":"http:\/\/ozaybilisim.net\/index.php?rest_route=\/wp\/v2\/pages\/90\/revisions\/96"}],"wp:attachment":[{"href":"http:\/\/ozaybilisim.net\/index.php?rest_route=%2Fwp%2Fv2%2Fmedia&parent=90"}],"curies":[{"name":"wp","href":"https:\/\/api.w.org\/{rel}","templated":true}]}}