{"id":98,"date":"2018-02-03T12:12:34","date_gmt":"2018-02-03T12:12:34","guid":{"rendered":"http:\/\/ozaybilisim.net\/?page_id=98"},"modified":"2018-02-03T12:12:34","modified_gmt":"2018-02-03T12:12:34","slug":"park-entegrasyon","status":"publish","type":"page","link":"http:\/\/ozaybilisim.net\/?page_id=98","title":{"rendered":"PARK Entegrasyon"},"content":{"rendered":"<h4 class=\"tbk__subtitle\">PARK Entegrasyon E-D\u00f6n\u00fc\u015f\u00fcm ve Bili\u015fim Hizmetleri<br \/>\nA.\u015e. .24 A\u011fustos 2017 tarihinde \u0130stanbul\u2019da kurulmu\u015f ve faaliyetlerine<br \/>\nba\u015flam\u0131\u015ft\u0131r.<\/h4>\n<p><img loading=\"lazy\" decoding=\"async\" class=\"size-full wp-image-99 alignright\" src=\"http:\/\/ozaybilisim.net\/wp-content\/uploads\/2018\/02\/1-1.jpg\" alt=\"1-1\" width=\"593\" height=\"621\" srcset=\"http:\/\/ozaybilisim.net\/wp-content\/uploads\/2018\/02\/1-1.jpg 593w, http:\/\/ozaybilisim.net\/wp-content\/uploads\/2018\/02\/1-1-286x300.jpg 286w\" sizes=\"auto, (max-width: 593px) 100vw, 593px\" \/><\/p>\n<p>&nbsp;<\/p>\n<p>&nbsp;<\/p>\n<p>&nbsp;<\/p>\n<p>&nbsp;<\/p>\n<p>T\u00fcm altyap\u0131 ve test s\u00fcre\u00e7lerini ba\u015far\u0131yla tamamlayarak gerekli t\u00fcm kurum ve kurulu\u015flar taraf\u0131ndan denetimleri tamamlanm\u0131\u015f olan Park Entegrasyon A.\u015e.,Eyl\u00fcl 2017 tarihinde Gelir \u0130daresi Ba\u015fkanl\u0131\u011f\u0131 (G\u0130B) taraf\u0131ndan E-Fatura \u00d6zel Entegrat\u00f6r\u00fc olarak ilan edilmi\u015ftir.<\/p>\n<p>Park Entegrasyon, altyap\u0131 konusunda en son teknolojik geli\u015fmeleri takip ederek m\u00fc\u015fterilerine ve i\u015f ortaklar\u0131na h\u0131zl\u0131, g\u00fcvenilir ve kesintisiz hizmet sunmaktad\u0131r. Park Entegrasyon, 5070 Say\u0131l\u0131 Elektronik \u0130mza Kanunu kapsam\u0131nda nitelikli elektronik sertifika hizmetlerini sunmakla beraber, elektronik imza ve elektronik sertifika alanlar\u0131nda yaz\u0131l\u0131m ve \u00fcr\u00fcn geli\u015ftirme faaliyetleri ile e-imza entegrasyon \u00e7al\u0131\u015fmalar\u0131 da y\u00fcr\u00fctmektedir.<\/p>\n<p>\u0130stanbul Merkez ofisinde son teknoloji, g\u00fcvenilir ve g\u00fc\u00e7l\u00fc altyap\u0131s\u0131 ile Park Entegrasyon, T\u00fcrkiye genelinde yayg\u0131n hizmet a\u011f\u0131 ile her ge\u00e7en g\u00fcn sekt\u00f6rdeki konumunu g\u00fc\u00e7lendirmektedir.<\/p>\n<p>&nbsp;<\/p>\n","protected":false},"excerpt":{"rendered":"<p>PARK Entegrasyon E-D\u00f6n\u00fc\u015f\u00fcm ve Bili\u015fim Hizmetleri A.\u015e. .24 A\u011fustos 2017 tarihinde \u0130stanbul\u2019da kurulmu\u015f ve faaliyetlerine ba\u015flam\u0131\u015ft\u0131r. &nbsp; &nbsp; &nbsp; &nbsp; T\u00fcm altyap\u0131 ve test s\u00fcre\u00e7lerini ba\u015far\u0131yla tamamlayarak gerekli t\u00fcm kurum ve kurulu\u015flar taraf\u0131ndan denetimleri tamamlanm\u0131\u015f olan Park Entegrasyon A.\u015e.,Eyl\u00fcl 2017 tarihinde Gelir \u0130daresi Ba\u015fkanl\u0131\u011f\u0131 (G\u0130B) taraf\u0131ndan E-Fatura \u00d6zel Entegrat\u00f6r\u00fc olarak ilan edilmi\u015ftir. Park Entegrasyon, altyap\u0131<a href=\"http:\/\/ozaybilisim.net\/?page_id=98\">[&#8230;]<\/a><\/p>\n","protected":false},"author":2,"featured_media":0,"parent":0,"menu_order":0,"comment_status":"closed","ping_status":"closed","template":"","meta":{"footnotes":""},"class_list":["post-98","page","type-page","status-publish","hentry"],"_links":{"self":[{"href":"http:\/\/ozaybilisim.net\/index.php?rest_route=\/wp\/v2\/pages\/98","targetHints":{"allow":["GET"]}}],"collection":[{"href":"http:\/\/ozaybilisim.net\/index.php?rest_route=\/wp\/v2\/pages"}],"about":[{"href":"http:\/\/ozaybilisim.net\/index.php?rest_route=\/wp\/v2\/types\/page"}],"author":[{"embeddable":true,"href":"http:\/\/ozaybilisim.net\/index.php?rest_route=\/wp\/v2\/users\/2"}],"replies":[{"embeddable":true,"href":"http:\/\/ozaybilisim.net\/index.php?rest_route=%2Fwp%2Fv2%2Fcomments&post=98"}],"version-history":[{"count":6,"href":"http:\/\/ozaybilisim.net\/index.php?rest_route=\/wp\/v2\/pages\/98\/revisions"}],"predecessor-version":[{"id":105,"href":"http:\/\/ozaybilisim.net\/index.php?rest_route=\/wp\/v2\/pages\/98\/revisions\/105"}],"wp:attachment":[{"href":"http:\/\/ozaybilisim.net\/index.php?rest_route=%2Fwp%2Fv2%2Fmedia&parent=98"}],"curies":[{"name":"wp","href":"https:\/\/api.w.org\/{rel}","templated":true}]}}